{"id":65,"date":"2018-12-12T09:45:35","date_gmt":"2018-12-12T08:45:35","guid":{"rendered":"http:\/\/wp.liceoaprilia.edu.it\/?page_id=65"},"modified":"2021-05-03T09:24:08","modified_gmt":"2021-05-03T07:24:08","slug":"home","status":"publish","type":"page","link":"https:\/\/liceoaprilia.edu.it\/","title":{"rendered":"HOME"},"content":{"rendered":"<div id=\"pl-65\"  class=\"panel-layout\" ><div id=\"pg-65-0\"  class=\"panel-grid panel-no-style\" ><div id=\"pgc-65-0-0\"  class=\"panel-grid-cell\" ><div id=\"panel-65-0-0-0\" class=\"so-panel widget widget_listcategorypostswidget panel-first-child panel-last-child\" data-index=\"0\" ><h3 class=\"widget-title\">NEWS<\/h3><ul class=\"lcp_catlist\" id=\"lcp_instance_listcategorypostswidget-2\"><li><a href=\"https:\/\/liceoaprilia.edu.it\/2024\/02\/12\/variazione-orario-di-mercoledi-14-febbraio\/\">variazione orario di mercoled\u00ec 14 febbraio<\/a>  12 Febbraio 2024<\/li><li><a href=\"https:\/\/liceoaprilia.edu.it\/2024\/02\/12\/centro-psichiatrico-diurno-di-aprilia-rappresentazione-teatrale-e-dibattito\/\">Centro Psichiatrico Diurno di Aprilia: rappresentazione teatrale e dibattito<\/a>  12 Febbraio 2024<\/li><li><a href=\"https:\/\/liceoaprilia.edu.it\/2024\/02\/12\/sospensione-attivita-didattiche-3\/\">Sospensione attivit\u00e0 didattiche<\/a>  12 Febbraio 2024<\/li><li><a href=\"https:\/\/liceoaprilia.edu.it\/2024\/02\/11\/aggiornamento-n-1-variazioni-orario-di-lunedi-12-febbraio\/\">Aggiornamento N.1 variazioni orario di luned\u00ec 12 febbraio<\/a>  11 Febbraio 2024<\/li><li><a href=\"https:\/\/liceoaprilia.edu.it\/2024\/02\/09\/variazioni-orario-di-lunedi-12-febbraio\/\">variazioni orario di luned\u00ec 12 febbraio<\/a>  9 Febbraio 2024<\/li><li><a href=\"https:\/\/liceoaprilia.edu.it\/2024\/02\/09\/stage-linguistico-a-manchester-riunione-con-i-genitori\/\">Stage linguistico a\u00a0Manchester: riunione con i genitori<\/a>  9 Febbraio 2024<\/li><li><a href=\"https:\/\/liceoaprilia.edu.it\/2024\/02\/09\/officina-delle-arti-_-laboratorio-di-mosaico\/\">Officina delle Arti _ Laboratorio di mosaico<\/a>  9 Febbraio 2024<\/li><li><a href=\"https:\/\/liceoaprilia.edu.it\/2024\/02\/09\/questionario-indagine-trasporti\/\">Questionario indagine trasporti<\/a>  9 Febbraio 2024<\/li><li><a href=\"https:\/\/liceoaprilia.edu.it\/2024\/02\/09\/corso-cambridge-prof-ssa-di-grazia-2\/\">Corso Cambridge &#8211; Prof.ssa Di Grazia<\/a>  9 Febbraio 2024<\/li><li><a href=\"https:\/\/liceoaprilia.edu.it\/2024\/02\/08\/pcto-bloodtok\/\">PCTO  #BLOODTOK: rinvio incontro<\/a>  8 Febbraio 2024<\/li><li><a href=\"https:\/\/liceoaprilia.edu.it\/2024\/02\/08\/progetto-pcto-sosteniamo-linclusione\/\">Progetto PCTO \u201cSosteniamo l\u2019inclusione\u201d<\/a>  8 Febbraio 2024<\/li><li><a href=\"https:\/\/liceoaprilia.edu.it\/2024\/02\/08\/orientamento-facolta-di-farmacia-e-medicina-universita-di-roma-la-sapienza-sede-di-latina\/\">Orientamento: Facolt\u00e0 di Farmacia e Medicina &#8211; Universit\u00e0 di Roma &#8220;La Sapienza&#8221;-  Sede di Latina<\/a>  8 Febbraio 2024<\/li><li><a href=\"https:\/\/liceoaprilia.edu.it\/2024\/02\/08\/corso-cambridge-prof-ssa-di-brigida\/\">Corso Cambridge &#8211; Prof.ssa Di Brigida<\/a>  8 Febbraio 2024<\/li><li><a href=\"https:\/\/liceoaprilia.edu.it\/2024\/02\/08\/variazioni-orario-di-venerdi-9-febbraio\/\">variazioni orario di venerd\u00ec 9 febbraio<\/a>  8 Febbraio 2024<\/li><li><a href=\"https:\/\/liceoaprilia.edu.it\/2024\/02\/08\/visita-di-istruzione-presso-la-biblioteca-nazionale-di-roma-pcto-biblioteca\/\">Visita di istruzione presso la Biblioteca Nazionale di Roma (PCTO Biblioteca)<\/a>  8 Febbraio 2024<\/li><li><a href=\"https:\/\/liceoaprilia.edu.it\/2024\/02\/08\/spostamento-classi-plesso-b-2\/\">Spostamento classi Plesso B<\/a>  8 Febbraio 2024<\/li><li><a href=\"https:\/\/liceoaprilia.edu.it\/2024\/02\/08\/gruppo-sportivo-studentesco-calendario-attivita-febbraio-2024\/\">Gruppo Sportivo Studentesco: calendario attivit\u00e0 febbraio 2024<\/a>  8 Febbraio 2024<\/li><li><a href=\"https:\/\/liceoaprilia.edu.it\/2024\/02\/07\/variazioni-orario-di-giovedi-8-febbraio-2\/\">variazioni orario di gioved\u00ec 8 febbraio<\/a>  7 Febbraio 2024<\/li><li><a href=\"https:\/\/liceoaprilia.edu.it\/2024\/02\/07\/p2p-sospensione-e-ripresa-attivita\/\">P2P: sospensione e ripresa attivit\u00e0<\/a>  7 Febbraio 2024<\/li><li><a href=\"https:\/\/liceoaprilia.edu.it\/2024\/02\/07\/spostamento-classi-plesso-a\/\">Spostamento classi Plesso A<\/a>  7 Febbraio 2024<\/li><li><a href=\"https:\/\/liceoaprilia.edu.it\/2024\/02\/07\/corso-cambridge-c1-prof-ssa-creo\/\">Corso Cambridge C1 &#8211; Prof.ssa Creo<\/a>  7 Febbraio 2024<\/li><li><a href=\"https:\/\/liceoaprilia.edu.it\/2024\/02\/06\/corso-cambridge-b2-prof-passa\/\">Corso Cambridge B2 &#8211; Prof. Passa<\/a>  6 Febbraio 2024<\/li><li><a href=\"https:\/\/liceoaprilia.edu.it\/2024\/02\/06\/variazioni-orario-di-mercoledi-07-febbraio\/\">variazioni orario di mercoled\u00ec 07 febbraio<\/a>  6 Febbraio 2024<\/li><li><a href=\"https:\/\/liceoaprilia.edu.it\/2024\/02\/06\/recupero-due-ore-corso-cambridge-prof-ssa-rosella\/\">Recupero due ore corso Cambridge &#8211; Prof.ssa Rosella<\/a>  6 Febbraio 2024<\/li><li><a href=\"https:\/\/liceoaprilia.edu.it\/2024\/02\/06\/conferenza-diciamo-stop-al-bullismo-e-cyberbullismo\/\">Conferenza &#8220;Diciamo stop al Bullismo e Cyberbullismo&#8221;<\/a>  6 Febbraio 2024<\/li><li><a href=\"https:\/\/liceoaprilia.edu.it\/2024\/02\/06\/acquisto-camici-per-i-laboratori-chimici-e-biologici\/\">Acquisto camici per i laboratori chimici e biologici<\/a>  6 Febbraio 2024<\/li><li><a href=\"https:\/\/liceoaprilia.edu.it\/2024\/02\/05\/aggiornamento-n-3-variazioni-orario-martedi-6-febbraio\/\">Aggiornamento N.3  variazioni orario marted\u00ec 6 febbraio<\/a>  5 Febbraio 2024<\/li><li><a href=\"https:\/\/liceoaprilia.edu.it\/2024\/02\/05\/variazione-n-2-martedi-6-febbraio\/\">aggiornamento N.2 variazione  orario marted\u00ec 6 febbraio<\/a>  5 Febbraio 2024<\/li><li><a href=\"https:\/\/liceoaprilia.edu.it\/2024\/02\/05\/aggiornamento-n1-variazioni-orario-martedi-6-febbraio\/\">Aggiornamento N1. variazioni orario marted\u00ec 6 febbraio<\/a>  5 Febbraio 2024<\/li><li><a href=\"https:\/\/liceoaprilia.edu.it\/2024\/02\/05\/variazioni-orario-di-martedi-6-febbraio\/\">variazioni orario di marted\u00ec 6 febbraio<\/a>  5 Febbraio 2024<\/li><li><a href=\"https:\/\/liceoaprilia.edu.it\/2024\/02\/05\/pcto-diritto-del-lavoro-classi-terze-ed-eventuali-recuperi\/\">PCTO &#8220;Diritto del lavoro&#8221; classi terze ed eventuali recuperi<\/a>  5 Febbraio 2024<\/li><li><a href=\"https:\/\/liceoaprilia.edu.it\/2024\/02\/05\/pcto-biblioteca-sesto-incontro\/\">PCTO &#8220;Biblioteca&#8221;: sesto incontro<\/a>  5 Febbraio 2024<\/li><li><a href=\"https:\/\/liceoaprilia.edu.it\/2024\/02\/05\/corso-pcto-progettare-con-arduino\/\">Corso PCTO &#8220;Progettare con Arduino&#8221;<\/a>  5 Febbraio 2024<\/li><li><a href=\"https:\/\/liceoaprilia.edu.it\/2024\/02\/05\/osservando-il-cielo-corso-base-di-astronomia\/\">Osservando il cielo: corso base di Astronomia<\/a>  5 Febbraio 2024<\/li><li><a href=\"https:\/\/liceoaprilia.edu.it\/2024\/02\/02\/spettacolo-picasso-presso-teatro-moderno-di-latina-5-marzo-2024\/\">Spettacolo &#8220;Picasso&#8221; presso teatro &#8220;Moderno&#8221; di Latina: 5 marzo 2024<\/a>  2 Febbraio 2024<\/li><li><a href=\"https:\/\/liceoaprilia.edu.it\/2024\/02\/02\/variazioni-orario-di-lunedi-5-febbraio\/\">variazioni orario di luned\u00ec 5 febbraio<\/a>  2 Febbraio 2024<\/li><li><a href=\"https:\/\/liceoaprilia.edu.it\/2024\/02\/02\/10-febbraio-giorno-del-ricordo\/\">10 febbraio &#8211; Giorno del ricordo<\/a>  2 Febbraio 2024<\/li><li><a href=\"https:\/\/liceoaprilia.edu.it\/2024\/02\/02\/giochi-matematici-10\/\">Giochi Matematici<\/a>  2 Febbraio 2024<\/li><li><a href=\"https:\/\/liceoaprilia.edu.it\/2024\/02\/01\/variazioni-orario-di-venerdi-02-febbraio\/\">variazioni orario di venerd\u00ec 02 febbraio<\/a>  1 Febbraio 2024<\/li><li><a href=\"https:\/\/liceoaprilia.edu.it\/2024\/02\/01\/annullamento-attivita-di-cogestione\/\">Annullamento attivit\u00e0 di cogestione<\/a>  1 Febbraio 2024<\/li><li><a href=\"https:\/\/liceoaprilia.edu.it\/2024\/02\/01\/settimana-di-cogestione-cambio-aule-e-sospensione-attivita\/\">Settimana di cogestione: cambio aule e sospensione attivit\u00e0<\/a>  1 Febbraio 2024<\/li><li><a href=\"https:\/\/liceoaprilia.edu.it\/2024\/01\/31\/link-prenotazione-p2p\/\">Link prenotazione P2P<\/a>  31 Gennaio 2024<\/li><li><a href=\"https:\/\/liceoaprilia.edu.it\/2024\/01\/31\/settimana-di-cogestione-1-5-febbraio-2024-orario-e-corsi\/\">Settimana di cogestione 1-5 febbraio 2024: orario e corsi<\/a>  31 Gennaio 2024<\/li><li><a href=\"https:\/\/liceoaprilia.edu.it\/2024\/01\/31\/orientamento-universita-la-sapienza-di-roma-facolta-di-ingegneria-civile-ed-industriale\/\">ORIENTAMENTO: Universit\u00e0 &#8220;La Sapienza&#8221; di Roma &#8211; Facolt\u00e0 di Ingegneria Civile ed Industriale<\/a>  31 Gennaio 2024<\/li><li><a href=\"https:\/\/liceoaprilia.edu.it\/2024\/01\/30\/variazioni-orario-di-mercoledi-31-gennaio\/\">variazioni orario di mercoled\u00ec 31 gennaio<\/a>  30 Gennaio 2024<\/li><li><a href=\"https:\/\/liceoaprilia.edu.it\/2024\/01\/30\/orario-classe-2f-corretto\/\">Orario classe 2F corretto<\/a>  30 Gennaio 2024<\/li><li><a href=\"https:\/\/liceoaprilia.edu.it\/2024\/01\/30\/corso-cambridge-prof-ssa-di-grazia\/\">Corso Cambridge &#8211; Prof.ssa Di Grazia<\/a>  30 Gennaio 2024<\/li><li><a href=\"https:\/\/liceoaprilia.edu.it\/2024\/01\/29\/variazioni-orario-di-martedi-30-gennaio\/\">variazioni orario di marted\u00ec 30 gennaio<\/a>  29 Gennaio 2024<\/li><li><a href=\"https:\/\/liceoaprilia.edu.it\/2024\/01\/29\/conferenza-sulla-follia\/\">Conferenza sulla Follia<\/a>  29 Gennaio 2024<\/li><li><a href=\"https:\/\/liceoaprilia.edu.it\/2024\/01\/26\/pcto-biblioteca-quinto-incontro-1-febbraio-2024\/\">PCTO Biblioteca: quinto incontro 1 febbraio 2024<\/a>  26 Gennaio 2024<\/li><li><a href=\"https:\/\/liceoaprilia.edu.it\/2024\/01\/26\/variazione-orario-classi-1z-2b-2f-2u\/\">Variazione orario classi 1Z-2B-2F-2U<\/a>  26 Gennaio 2024<\/li><li><a href=\"https:\/\/liceoaprilia.edu.it\/2024\/01\/26\/variazioni-orario-di-lunedi-29-gennaio\/\">variazioni orario di luned\u00ec 29 gennaio<\/a>  26 Gennaio 2024<\/li><li><a href=\"https:\/\/liceoaprilia.edu.it\/2024\/01\/26\/spostamento-aula-plesso-a-2\/\">Spostamento aula Plesso A<\/a>  26 Gennaio 2024<\/li><li><a href=\"https:\/\/liceoaprilia.edu.it\/2024\/01\/26\/27-gennaio-2024-giorno-della-memoria\/\">27 gennaio 2024: \u201cGiorno della Memoria\u201d<\/a>  26 Gennaio 2024<\/li><li><a href=\"https:\/\/liceoaprilia.edu.it\/2024\/01\/26\/invito-evento-webinar-opbg-e-scuole\/\">\u00a0Invito evento webinar OPBG e scuole<\/a>  26 Gennaio 2024<\/li><li><a href=\"https:\/\/liceoaprilia.edu.it\/2024\/01\/25\/variazioni-orario-di-venerdi-26-gennaio\/\">variazioni orario di venerd\u00ec 26 gennaio<\/a>  25 Gennaio 2024<\/li><li><a href=\"https:\/\/liceoaprilia.edu.it\/2024\/01\/25\/corso-cambridge-b2-prof-ssa-sorrentino\/\">Corso Cambridge B2 &#8211; Prof.ssa Sorrentino<\/a>  25 Gennaio 2024<\/li><li><a href=\"https:\/\/liceoaprilia.edu.it\/2024\/01\/24\/aggiornamento-n-3-variazioni-orario-di-giovedi-25-gennaio\/\">Aggiornamento n.3 variazioni orario di gioved\u00ec 25 gennaio<\/a>  24 Gennaio 2024<\/li><li><a href=\"https:\/\/liceoaprilia.edu.it\/2024\/01\/24\/aggiornamento-n-2-variazioni-orario-di-gioved-25-gennaio\/\">aggiornamento N.2 variazioni orario di gioved&#8217; 25 gennaio<\/a>  24 Gennaio 2024<\/li><li><a href=\"https:\/\/liceoaprilia.edu.it\/2024\/01\/24\/aggiornamento-n-1-variazioni-orario-di-giovedi-25-gennaio\/\">aggiornamento N.1 variazioni orario di gioved\u00ec 25 gennaio<\/a>  24 Gennaio 2024<\/li><li><a href=\"https:\/\/liceoaprilia.edu.it\/2024\/01\/24\/variazioni-orario-di-giovedi-25-gennaio\/\">variazioni orario di gioved\u00ec 25 gennaio<\/a>  24 Gennaio 2024<\/li><li><a href=\"https:\/\/liceoaprilia.edu.it\/2024\/01\/24\/nota-usr-lazio-direzione-generale-prot-n-5178-del-24-febbraio-2024\/\">Nota USR Lazio \/ Direzione Generale \/ prot. n. 5178 del 24 febbraio 2024<\/a>  24 Gennaio 2024<\/li><li><a href=\"https:\/\/liceoaprilia.edu.it\/2024\/01\/23\/variazioni-orario-di-mercoledi-24-gennaio\/\">variazioni orario di mercoled\u00ec 24 gennaio<\/a>  23 Gennaio 2024<\/li><li><a href=\"https:\/\/liceoaprilia.edu.it\/2024\/01\/23\/cineforum-dallimmagine-al-sentimento-4\/\">Cineforum &#8220;Dall&#8217;immagine al sentimento&#8221;<\/a>  23 Gennaio 2024<\/li><li><a href=\"https:\/\/liceoaprilia.edu.it\/2024\/01\/23\/visita-distruzione-a-roma-il-25-gennaio-2024\/\">Visita d\u2019istruzione presso la Keats and Shelley House di Roma<\/a>  23 Gennaio 2024<\/li><li><a href=\"https:\/\/liceoaprilia.edu.it\/2024\/01\/23\/nuova-calendarizzazione-progetto-severus-python\/\">Nuova calendarizzazione progetto &#8220;Severus Python&#8221;<\/a>  23 Gennaio 2024<\/li><li><a href=\"https:\/\/liceoaprilia.edu.it\/2024\/01\/23\/pcto-alfabetizzazione-digitale-scadenza\/\">PCTO &#8220;Alfabetizzazione digitale&#8221;: scadenza<\/a>  23 Gennaio 2024<\/li><li><a href=\"https:\/\/liceoaprilia.edu.it\/2024\/01\/23\/officina-delle-arti-_-seconda-lezione-di-acquerello\/\">Officina delle Arti _ Seconda lezione di acquerello<\/a>  23 Gennaio 2024<\/li><li><a href=\"https:\/\/liceoaprilia.edu.it\/2024\/01\/22\/aggiornamento-n-2-variazioni-orario-di-martedi-23-gennaio\/\">aggiornamento N.2 variazioni orario di marted\u00ec 23 gennaio<\/a>  22 Gennaio 2024<\/li><li><a href=\"https:\/\/liceoaprilia.edu.it\/2024\/01\/22\/26196\/\">aggiornamento N.1 variazioni orario di marted\u00ec 23 gennaio<\/a>  22 Gennaio 2024<\/li><li><a href=\"https:\/\/liceoaprilia.edu.it\/2024\/01\/19\/olimpiadi-della-matematica-gara-a-squadre-femminile-2\/\">Olimpiadi della Matematica &#8211; Gara a squadre femminile<\/a>  19 Gennaio 2024<\/li><li><a href=\"https:\/\/liceoaprilia.edu.it\/2024\/01\/19\/convocazione-comitato-studentesco\/\">Convocazione Comitato studentesco<\/a>  19 Gennaio 2024<\/li><li><a href=\"https:\/\/liceoaprilia.edu.it\/2024\/01\/19\/variazioni-orario-di-lunedi-22-gennaio\/\">variazioni orario di luned\u00ec 22 gennaio<\/a>  19 Gennaio 2024<\/li><li><a href=\"https:\/\/liceoaprilia.edu.it\/2024\/01\/19\/visita-di-istruzione-infn-di-frascati-pagamento\/\">Visita di istruzione INFN di Frascati: pagamento<\/a>  19 Gennaio 2024<\/li><li><a href=\"https:\/\/liceoaprilia.edu.it\/2024\/01\/19\/gruppo-sportivo-studentesco-3\/\">Gruppo sportivo studentesco<\/a>  19 Gennaio 2024<\/li><li><a href=\"https:\/\/liceoaprilia.edu.it\/2024\/01\/18\/variazioni-orario-di-venerdi-19-gennaio\/\">variazioni orario di venerd\u00ec 19 gennaio<\/a>  18 Gennaio 2024<\/li><li><a href=\"https:\/\/liceoaprilia.edu.it\/2024\/01\/17\/variazioni-orario-di-giovedi-18-gennaio\/\">aggiornamento N1. variazioni orario di gioved\u00ec 18 gennaio<\/a>  17 Gennaio 2024<\/li><li><a href=\"https:\/\/liceoaprilia.edu.it\/2024\/01\/17\/locandina-e-comunicato-stampa-programma-radiofonico-farememoria-23-24\/\">Locandina e comunicato stampa Programma Radiofonico Farememoria 23-24<\/a>  17 Gennaio 2024<\/li><li><a href=\"https:\/\/liceoaprilia.edu.it\/2024\/01\/17\/officina-delle-arti-_recupero-lezione-di-ceramica\/\">Officina delle Arti _Recupero lezione di ceramica<\/a>  17 Gennaio 2024<\/li><li><a href=\"https:\/\/liceoaprilia.edu.it\/2024\/01\/17\/pcto-biblioteca-quarto-incontro-25-02-2024\/\">PCTO &#8220;Biblioteca&#8221;: quarto incontro 25.01.2024<\/a>  17 Gennaio 2024<\/li><\/ul><a href=\"https:\/\/liceoaprilia.edu.it\/category\/news\/\"> <\/a><ul class='lcp_paginator'><li class='lcp_currentpage'>1<\/li><li><a href='https:\/\/liceoaprilia.edu.it\/wp-json\/wp\/v2\/pages\/65?lcp_pagelistcategorypostswidget-2=2#lcp_instance_listcategorypostswidget-2' title='2'>2<\/a><\/li><li><a href='https:\/\/liceoaprilia.edu.it\/wp-json\/wp\/v2\/pages\/65?lcp_pagelistcategorypostswidget-2=3#lcp_instance_listcategorypostswidget-2' title='3'>3<\/a><\/li><li><a href='https:\/\/liceoaprilia.edu.it\/wp-json\/wp\/v2\/pages\/65?lcp_pagelistcategorypostswidget-2=4#lcp_instance_listcategorypostswidget-2' title='4'>4<\/a><\/li><li><a href='https:\/\/liceoaprilia.edu.it\/wp-json\/wp\/v2\/pages\/65?lcp_pagelistcategorypostswidget-2=5#lcp_instance_listcategorypostswidget-2' title='5'>5<\/a><\/li><li><a href='https:\/\/liceoaprilia.edu.it\/wp-json\/wp\/v2\/pages\/65?lcp_pagelistcategorypostswidget-2=6#lcp_instance_listcategorypostswidget-2' title='6'>6<\/a><\/li><span class='lcp_elipsis'>...<\/span><li><a href='https:\/\/liceoaprilia.edu.it\/wp-json\/wp\/v2\/pages\/65?lcp_pagelistcategorypostswidget-2=25#lcp_instance_listcategorypostswidget-2' title='25'>25<\/a><\/li><li><a href='https:\/\/liceoaprilia.edu.it\/wp-json\/wp\/v2\/pages\/65?lcp_pagelistcategorypostswidget-2=2#lcp_instance_listcategorypostswidget-2' title='2' class='lcp_nextlink'>>><\/a><\/li><\/ul><\/div><\/div><\/div><\/div>","protected":false},"excerpt":{"rendered":"<p>NEWSvariazione orario di mercoled\u00ec 14 febbraio 12 Febbraio 2024Centro Psichiatrico Diurno di Aprilia: rappresentazione teatrale e dibattito 12 Febbraio 2024Sospensione attivit\u00e0 didattiche 12 Febbraio 2024Aggiornamento N.1 variazioni orario di luned\u00ec 12 febbraio 11 Febbraio 2024variazioni orario di luned\u00ec 12 febbraio 9 Febbraio 2024Stage linguistico a\u00a0Manchester: riunione con i genitori 9 Febbraio 2024Officina delle Arti _ Laboratorio di mosaico 9 Febbraio 2024Questionario indagine trasporti 9 Febbraio 2024Corso Cambridge &#8211; Prof.ssa Di Grazia 9 Febbraio 2024PCTO #BLOODTOK: rinvio incontro 8 Febbraio 2024Progetto PCTO \u201cSosteniamo l\u2019inclusione\u201d 8 Febbraio 2024Orientamento: Facolt\u00e0 di Farmacia e Medicina &#8211; Universit\u00e0 di Roma &#8220;La Sapienza&#8221;- Sede di Latina 8 Febbraio 2024Corso Cambridge &#8211; Prof.ssa Di Brigida 8 Febbraio 2024variazioni orario di venerd\u00ec 9 febbraio 8 Febbraio 2024Visita di istruzione presso la Biblioteca Nazionale di Roma (PCTO Biblioteca) 8 Febbraio 2024Spostamento classi Plesso B 8 Febbraio 2024Gruppo Sportivo Studentesco: calendario attivit\u00e0 febbraio 2024 8 Febbraio 2024variazioni orario di gioved\u00ec 8 febbraio 7 Febbraio 2024P2P: sospensione e ripresa attivit\u00e0 7 Febbraio 2024Spostamento classi Plesso A 7 Febbraio 2024Corso Cambridge C1 &#8211; Prof.ssa Creo 7 Febbraio 2024Corso Cambridge B2 &#8211; Prof. Passa 6 Febbraio 2024variazioni orario di mercoled\u00ec 07 febbraio 6 Febbraio 2024Recupero due ore corso Cambridge &#8211; Prof.ssa Rosella 6 Febbraio 2024Conferenza &#8220;Diciamo stop al Bullismo e Cyberbullismo&#8221; 6 Febbraio 2024Acquisto camici per i laboratori chimici e biologici 6 Febbraio 2024Aggiornamento N.3 variazioni orario marted\u00ec 6 febbraio 5 Febbraio 2024aggiornamento N.2 variazione orario marted\u00ec 6 febbraio 5 Febbraio 2024Aggiornamento N1. variazioni orario marted\u00ec 6 febbraio 5 Febbraio 2024variazioni orario di marted\u00ec 6 febbraio 5 Febbraio 2024PCTO &#8220;Diritto del lavoro&#8221; classi terze ed eventuali recuperi 5 Febbraio 2024PCTO &#8220;Biblioteca&#8221;: sesto incontro 5 Febbraio 2024Corso PCTO &#8220;Progettare con Arduino&#8221; 5 Febbraio 2024Osservando il cielo: corso base di Astronomia 5 Febbraio 2024Spettacolo &#8220;Picasso&#8221; presso teatro &#8220;Moderno&#8221; di Latina: 5 marzo 2024 2 Febbraio 2024variazioni orario di luned\u00ec 5 febbraio 2 Febbraio 202410 febbraio &#8211; Giorno del ricordo 2 Febbraio 2024Giochi Matematici 2 Febbraio 2024variazioni orario di venerd\u00ec 02 febbraio 1 Febbraio 2024Annullamento attivit\u00e0 di cogestione 1 Febbraio 2024Settimana di cogestione: cambio aule e sospensione attivit\u00e0 1 Febbraio 2024Link prenotazione P2P 31 Gennaio 2024Settimana di cogestione 1-5 febbraio 2024: orario e corsi 31 Gennaio 2024ORIENTAMENTO: Universit\u00e0 &#8220;La Sapienza&#8221; di Roma &#8211; Facolt\u00e0 di Ingegneria Civile ed Industriale 31 Gennaio 2024variazioni orario di mercoled\u00ec 31 gennaio 30 Gennaio 2024Orario classe 2F corretto 30 Gennaio 2024Corso Cambridge &#8211; Prof.ssa Di Grazia 30 Gennaio 2024variazioni orario di marted\u00ec 30 gennaio 29 Gennaio 2024Conferenza sulla Follia 29 Gennaio 2024PCTO Biblioteca: quinto incontro 1 febbraio 2024 26 Gennaio 2024Variazione orario classi 1Z-2B-2F-2U 26 Gennaio 2024variazioni orario di luned\u00ec 29 gennaio 26 Gennaio 2024Spostamento aula Plesso A 26 Gennaio 202427 gennaio 2024: \u201cGiorno della Memoria\u201d 26 Gennaio 2024\u00a0Invito evento webinar OPBG e scuole 26 Gennaio 2024variazioni orario di venerd\u00ec 26 gennaio 25 Gennaio 2024Corso Cambridge B2 &#8211; Prof.ssa Sorrentino 25 Gennaio 2024Aggiornamento n.3 variazioni orario di gioved\u00ec 25 gennaio 24 Gennaio 2024aggiornamento N.2 variazioni orario di gioved&#8217; 25 gennaio 24 Gennaio 2024aggiornamento N.1 variazioni orario di gioved\u00ec 25 gennaio 24 Gennaio 2024variazioni orario di gioved\u00ec 25 gennaio 24 Gennaio 2024Nota USR Lazio \/ Direzione Generale \/ prot. n. 5178 del 24 febbraio 2024 24 Gennaio 2024variazioni orario di mercoled\u00ec 24 gennaio 23 Gennaio 2024Cineforum &#8220;Dall&#8217;immagine al sentimento&#8221; 23 Gennaio 2024Visita d\u2019istruzione presso la Keats and Shelley House di Roma 23 Gennaio 2024Nuova calendarizzazione progetto &#8220;Severus Python&#8221; 23 Gennaio 2024PCTO &#8220;Alfabetizzazione digitale&#8221;: scadenza 23 Gennaio 2024Officina delle Arti _ Seconda lezione di acquerello 23 Gennaio 2024aggiornamento N.2 variazioni orario di marted\u00ec 23 gennaio 22 Gennaio 2024aggiornamento N.1 variazioni orario di marted\u00ec 23 gennaio 22 Gennaio 2024Olimpiadi della Matematica &#8211; Gara a squadre femminile 19 Gennaio 2024Convocazione Comitato studentesco 19 Gennaio 2024variazioni orario di luned\u00ec 22 gennaio 19 Gennaio 2024Visita di istruzione INFN di Frascati: pagamento 19 Gennaio 2024Gruppo sportivo studentesco 19 Gennaio 2024variazioni orario di venerd\u00ec 19 gennaio 18 Gennaio 2024aggiornamento N1. variazioni orario di gioved\u00ec 18 gennaio 17 Gennaio 2024Locandina e comunicato stampa Programma Radiofonico Farememoria 23-24 17 Gennaio 2024Officina delle Arti _Recupero lezione di ceramica 17 Gennaio 2024PCTO &#8220;Biblioteca&#8221;: quarto incontro 25.01.2024 17 Gennaio 2024 123456&#8230;25>><\/p>\n","protected":false},"author":1,"featured_media":0,"parent":0,"menu_order":0,"comment_status":"closed","ping_status":"closed","template":"","meta":[],"_links":{"self":[{"href":"https:\/\/liceoaprilia.edu.it\/wp-json\/wp\/v2\/pages\/65"}],"collection":[{"href":"https:\/\/liceoaprilia.edu.it\/wp-json\/wp\/v2\/pages"}],"about":[{"href":"https:\/\/liceoaprilia.edu.it\/wp-json\/wp\/v2\/types\/page"}],"author":[{"embeddable":true,"href":"https:\/\/liceoaprilia.edu.it\/wp-json\/wp\/v2\/users\/1"}],"replies":[{"embeddable":true,"href":"https:\/\/liceoaprilia.edu.it\/wp-json\/wp\/v2\/comments?post=65"}],"version-history":[{"count":12,"href":"https:\/\/liceoaprilia.edu.it\/wp-json\/wp\/v2\/pages\/65\/revisions"}],"predecessor-version":[{"id":13728,"href":"https:\/\/liceoaprilia.edu.it\/wp-json\/wp\/v2\/pages\/65\/revisions\/13728"}],"wp:attachment":[{"href":"https:\/\/liceoaprilia.edu.it\/wp-json\/wp\/v2\/media?parent=65"}],"curies":[{"name":"wp","href":"https:\/\/api.w.org\/{rel}","templated":true}]}}